{"id":449,"date":"2018-03-30T20:59:16","date_gmt":"2018-03-31T01:59:16","guid":{"rendered":"http:\/\/www.comin-genio.com\/?page_id=449"},"modified":"2018-12-22T17:21:35","modified_gmt":"2018-12-22T22:21:35","slug":"com-in-genio-servicios-industriales","status":"publish","type":"page","link":"https:\/\/www.comin-genio.com\/en\/com-in-genio-servicios-industriales\/","title":{"rendered":"Industrial services"},"content":{"rendered":"<h2>Com in-Genio <span style=\"color: #ff0000;\">Industrial Agency<\/span><\/h2>\n<h5><strong>Technological Support Company, which provides industrial services in the areas of: Design, Assembly, Repair and Calibration of Equipment.<\/strong><\/h5>\n<div id=\"wb_element_instance13\" class=\"wb_element\">\n&nbsp;<\/p>\n<p class=\"wb-stl-normal\">Com in-Genio is located in the city of Cali, Colombia. We provide solutions in the supply of industrial services on the challenges that arise in their productive environment. Our raison d'etre, improve your productivity, so that you can improve your income.<\/p>\n<p>&nbsp;<\/p>\n<h2>Investigation <span style=\"color: #ff0000;\">&amp; Developing<\/span><\/h2>\n<p>&nbsp;<\/p>\n<p class=\"wb-stl-normal\">In\u00a0<strong>R&amp;D<\/strong>\u00a0You will be able to find technical and technological content projects to apply in your professional or educational life.<\/p>\n<p class=\"wb-stl-normal\">Our goal is to put technological concepts at your fingertips so that you can make improvements in your production processes. Our projects will be intermediate and high level. We will demonstrate that with a low investment you can achieve ingenious solutions of high impact, friendly with the environment.<\/p>\n<p class=\"wb-stl-normal\">Follow the full articles in\u00a0<a title=\"Blog\" href=\"http:\/\/www.comin-genio.com\/Labitacora\/es\/news\/\" target=\"_blank\" rel=\"noopener\">La Bit\u00e1cora\u2026<\/a>\u00a0and the videos in our channel\u00a0<a title=\"Canal Youtube Com in-Genio\" href=\"https:\/\/www.youtube.com\/channel\/UCdT6NpR2iTBIMHSws-2tpKQ\" target=\"_blank\" rel=\"noopener\"><strong>Youtube<\/strong><\/a>.<\/p>\n<p><em>The info-tutorial projects have video content, there is theoretical information, and practical development of each project presented.<\/em><\/p>\n<p class=\"wb-stl-normal\">We have competent personnel, knowledgeable in subjects such as physics, electricity, electronics, automation, industrial instrumentation, process control, systems, programming and metrology. We can make projects that you can replicate under the same conditions.<\/p>\n<p class=\"wb-stl-normal\">We have the equipment and instruments to perform tests and make statistical comparisons, giving an estimate of behavior. We invite you to follow the evolution of our projects and see for yourself your performance.<\/p>\n<p>&nbsp;<\/p>\n<p>&nbsp;<\/p>\n<h3>TYPE OF CLIENTS<\/h3>\n<p>&nbsp;<\/p>\n<h3><strong>People<\/strong><\/h3>\n<ul>\n<li>Industrial Maintenance - low scale<\/li>\n<li>Remodeling \/ Locative Repairs<\/li>\n<li>Electrical Works<\/li>\n<li>Networks \/ Telecommunications<\/li>\n<li>Domotics<\/li>\n<li>Technical assistance<\/li>\n<\/ul>\n<p>&nbsp;<\/p>\n<h3><strong>Industry<\/strong><\/h3>\n<ul>\n<li>Industrial Maintenance - medium and high scale<\/li>\n<li>Remodeling \/ Locative Repairs<\/li>\n<li>Electrical Works<\/li>\n<li>Networks \/ Telecommunications<\/li>\n<li>Industrial instrumentation<\/li>\n<li>Metrology Laboratory<\/li>\n<li>Technical assistance<\/li>\n<li>Advice on Quality Control and SGC NTC-ISO \/ IEC 17025: 2005<\/li>\n<\/ul>\n<p>&nbsp;<\/p>\n<p>We have highly qualified personnel in the area of industrial instrumentation and metrology with more than 10 years of experience. Specialized in Quality Control and SGC NTC-ISO \/ IEC 17025: 2005.<\/p>\n<p>&nbsp;<\/p>\n<h2>Services <span style=\"color: #ff0000;\">What<\/span> We offer<\/h2>\n<p>&nbsp;<\/p>\n<h6><a title=\"Domotics\" href=\"https:\/\/es.wikipedia.org\/wiki\/Dom%C3%B3tica\" target=\"_blank\" rel=\"noopener\"><strong>Domotics<\/strong><\/a>. Everything related to the automation of a home or commercial space.<\/h6>\n<p>Technologies of security systems, energy management, welfare and telecommunications are integrated with the intelligent design of an environment in mind.<\/p>\n<p>&nbsp;<\/p>\n<h6 class=\"wb-stl-normal\"><a title=\"Vitrinismo \/ Escaparatismo\" href=\"https:\/\/es.wikipedia.org\/wiki\/Escaparate\" target=\"_blank\" rel=\"noopener\"><strong>Vitrinism \/ Lighting.<\/strong><\/a> The showcases as a marketing tool and seduction of the senses.<\/h6>\n<p class=\"wb-stl-normal\">It is the art of knowing how to show the products to market them, also known as visual merchandising. We work with space and form; It is a creative process. The design, architecture, photography, lighting are links in this multidisciplinary trade, but clearly commercial.<\/p>\n<\/div>\n<p>&nbsp;<\/p>\n<h6><strong>Repair, Maintenance and Potentiation of Flat and Sublimation Thermofixers.<\/strong><\/h6>\n<p>Specialized in Chinese equipment, supply of spare parts and machines per order.<\/p>\n<div id=\"wb_element_instance13\" class=\"wb_element\">\n<p>&nbsp;<\/p>\n<h6><strong>Remodeling Locative Repairs and Logistics.\u00a0<\/strong><\/h6>\n<p>Everything related to structural, electrical, automation and telecommunications improvements with the purpose of improving the productive capacity.<\/p>\n<p>&nbsp;<\/p>\n<h6><strong>Networks \/ Telecommunications. <\/strong><\/h6>\n<p>Installation of equipment, laying of utp and coaxial cabling, configuration of wireless and wired networks, data backup.<\/p>\n<p>&nbsp;<\/p>\n<div><img decoding=\"async\" src=\"http:\/\/www.comin-genio.com\/gallery\/Tarjeta_electronica.jpg\" alt=\"Servicios Industriales, Calibraci\u00f3n y Reparaci\u00f3n de instrumentaci\u00f3n en el apartado el\u00e9ctrico y electr\u00f3nico realizado por personal t\u00e9cnico en instrumentaci\u00f3n industrial.\" \/><\/div>\n<p>&nbsp;<\/p>\n<h6 class=\"wb-stl-normal\"><strong>Maintenance and Industrial Assemblies.<\/strong><\/h6>\n<p class=\"wb-stl-normal\"><em>The areas of application that we cover mainly are electricity, electronics and industrial mechanics. Among the specialized services we offer are:<\/em><\/p>\n<ul>\n<li class=\"wb-stl-normal\"><em>Maintenance service for industrial equipment of all variables.<\/em><\/li>\n<li class=\"wb-stl-normal\"><em>Repairs of safety and proportional valves.<\/em><\/li>\n<li class=\"wb-stl-normal\"><em>Calibration of safety and proportional valves<\/em><\/li>\n<\/ul>\n<p>&nbsp;<\/p>\n<h6 class=\"wb-stl-normal\"><strong>Configuration of Computer Equipment, Industrial Instrumentation and Process Control<\/strong><\/h6>\n<p>&nbsp;<\/p>\n<h6 class=\"wb-stl-normal\"><a title=\"R&amp;D\" href=\"http:\/\/www.comin-genio.com\/Labitacora\/es\/news\/\" target=\"_blank\" rel=\"noopener\"><strong>Research and Development of New Technologies and Processes<\/strong><\/a><\/h6>\n<p>&nbsp;<\/p>\n<h6 class=\"wb-stl-normal\"><strong>Metrology Laboratory<\/strong><\/h6>\n<p class=\"wb-stl-normal\"><em>Soon we will be offering our Metrology services. We will notify you as soon as we have our laboratory fully operational.<\/em><\/p>\n<p class=\"wb-stl-normal\"><em>Variables:<\/em><\/p>\n<ul>\n<li class=\"wb-stl-normal\"><em>Temperature<\/em><\/li>\n<li class=\"wb-stl-normal\"><em>Pressure + \/ -<\/em><\/li>\n<li class=\"wb-stl-normal\"><em>Flow<\/em><\/li>\n<li class=\"wb-stl-normal\"><em>Level<\/em><\/li>\n<li class=\"wb-stl-normal\"><em>RH  ****<\/em><\/li>\n<li class=\"wb-stl-normal\"><em>Electric Variables (Voltage, Resistance, Current, Frequency) ****<\/em><\/li>\n<li class=\"wb-stl-normal\"><em>Speed<\/em><\/li>\n<li class=\"wb-stl-normal\"><em>Weight \/ Mass<\/em><\/li>\n<\/ul>\n<p>&nbsp;<\/p>\n<h6 class=\"wb-stl-normal\"><strong>Assistance and Technical Advice<\/strong><\/h6>\n<p>&nbsp;<\/p>\n<h6 class=\"wb-stl-normal\"><strong>Advice on Quality Control and\u00a0<a title=\"NTC-ISO\/IEC 17025:2005\" href=\"https:\/\/www.iso.org\/obp\/ui\/#iso:std:iso-iec:17025:ed-2:v1:es\" target=\"_blank\" rel=\"noopener\">SGC NTC-ISO\/IEC 17025:2005.<\/a><\/strong><\/h6>\n<p class=\"wb-stl-normal\"><em>Creation and implementation of an applicable and successful QMS in your company, which is practical. If you already have one in use, we offer the service of internal audits and advise you when performing them.<\/em><\/p>\n<\/div>\n<p>&nbsp;<\/p>\n<p>&nbsp;<\/p>\n<hr \/>\n<p style=\"text-align: center;\"><a href=\"http:\/\/www.comin-genio.com\/portfolio\/servicios-industriales\/\"><strong>Portfolio of Work Done<\/strong><\/a><\/p>\n<hr \/>\n<div id=\"wb_element_instance13\" class=\"wb_element\">\n<div><\/div>\n<\/div>\n<div><\/div>\n<div><\/div>\n<div id=\"wb_element_instance13\" class=\"wb_element\">\n<div><img decoding=\"async\" src=\"http:\/\/www.comin-genio.com\/gallery\/Industria_valle.jpg\" alt=\"Nuestros clientes, la industria Colombiana, Nuestro objetivo darles la mejor prestaci\u00f3n de servicios industriales, Con la mayor calidad posible. Com in-Genio\" \/><\/div>\n<\/div>\n<p>&nbsp;<\/p>\n<div>Get in <strong><a href=\"http:\/\/www.comin-genio.com\/#contact\">Contact<\/a><\/strong> with us, it will be a pleasure to serve you!<\/div>\n<p>&nbsp;<\/p>","protected":false},"excerpt":{"rendered":"<p>Com in-Genio Agencia Industrial Empresa de Soporte Tecnol\u00f3gico, Que Presta Servicios Industriales en las \u00c1reas de: Dise\u00f1o, Montajes, Reparaci\u00f3n y Calibraci\u00f3n de Equipos. &nbsp; Com in-Genio esta ubicado en la ciudad de Cali, Colombia. Brindamos soluciones en la oferta de servicios industriales sobre los retos que se presentan en su entorno productivo. Nuestra raz\u00f3n de [&hellip;]<\/p>\n","protected":false},"author":1,"featured_media":0,"parent":0,"menu_order":0,"comment_status":"closed","ping_status":"closed","template":"","meta":{"footnotes":""},"class_list":["post-449","page","type-page","status-publish","hentry"],"_links":{"self":[{"href":"https:\/\/www.comin-genio.com\/en\/wp-json\/wp\/v2\/pages\/449","targetHints":{"allow":["GET"]}}],"collection":[{"href":"https:\/\/www.comin-genio.com\/en\/wp-json\/wp\/v2\/pages"}],"about":[{"href":"https:\/\/www.comin-genio.com\/en\/wp-json\/wp\/v2\/types\/page"}],"author":[{"embeddable":true,"href":"https:\/\/www.comin-genio.com\/en\/wp-json\/wp\/v2\/users\/1"}],"replies":[{"embeddable":true,"href":"https:\/\/www.comin-genio.com\/en\/wp-json\/wp\/v2\/comments?post=449"}],"version-history":[{"count":31,"href":"https:\/\/www.comin-genio.com\/en\/wp-json\/wp\/v2\/pages\/449\/revisions"}],"predecessor-version":[{"id":1208,"href":"https:\/\/www.comin-genio.com\/en\/wp-json\/wp\/v2\/pages\/449\/revisions\/1208"}],"wp:attachment":[{"href":"https:\/\/www.comin-genio.com\/en\/wp-json\/wp\/v2\/media?parent=449"}],"curies":[{"name":"wp","href":"https:\/\/api.w.org\/{rel}","templated":true}]}}