{"id":434,"date":"2018-03-30T17:19:35","date_gmt":"2018-03-30T22:19:35","guid":{"rendered":"http:\/\/www.comin-genio.com\/?page_id=434"},"modified":"2021-02-03T16:18:14","modified_gmt":"2021-02-03T21:18:14","slug":"sobre-nosotros-com-in-genio","status":"publish","type":"page","link":"https:\/\/www.comin-genio.com\/en\/sobre-nosotros-com-in-genio\/","title":{"rendered":"About Us Com in-Genio"},"content":{"rendered":"<div id=\"\" class=\"fw-main-row\">\n<div class=\"container-fluid\">\n<div class=\"fw-row\">\n<div class=\"fw-col-xs-12 grid-column\">\n<h2><strong>The <span style=\"color: #ff0000\">Idea. <\/span><\/strong><\/h2>\n<p>Hello, I'm Carlos Andr\u00e9s Gonz\u00e1lez I was born in Cali Colombia, I'm going to tell you about my idea, and because Com in-Genio can serve you in the development of your business, or technological project.<\/p>\n<p>The idea of creating <strong>Com in-Genio<\/strong> was born in the year 2004<strong>.<\/strong>  It has been several years since I started to think about creating the company in my head. It was not only to want to become independent, it is to make my passion, my source of income. Doing everything with love and dedication, giving the best for my clients, thinking about them in an honest and sincere way.<\/p>\n<p>What a great achievement! But it would not be any company, it would be a Technology Company.<\/p>\n<h3><\/h3>\n<h3>Two Concepts <span style=\"color: #ff0000\">One<\/span> <span style=\"color: #ff0000\">Passion<\/span><\/h3>\n<ul>\n<li>Technology is exciting, knowing how things work and being able to replicate its operation, and why not improve it, it's great!<\/li>\n<li>On the other hand, design entails aesthetics. Making the machine, program or whatever the creation is done, have a visually pleasing presentation, be functional and practical.<\/li>\n<\/ul>\n<p>These are two concepts that I think go hand in hand for a creation to transcend.<\/p>\n<p>&nbsp;<\/p>\n<blockquote>\n<p>&#8220;Pensar en desarrollar tecnolog\u00eda que sea \u00fatil y ben\u00e9fica para las personas y con el medio ambiente me hace sonre\u00edr.&#8221;<\/p>\n<\/blockquote>\n<p>&nbsp;<\/p>\n<p>In this development of ideas create a project that is in line with the approach of <strong>Com in-Genio<\/strong>, that can impact everyone in a beneficial way in many factors:<\/p>\n<p>&#8220;La Bicicleta&#8221; un veh\u00edculo tan sencillo y practico, econ\u00f3mico y fuerte que te puede llevar  a cualquier sitio. Esta creaci\u00f3n ha tenido poco desarrollo, pero en su historia mas reciente ha tenido un despertar, a volcado el inter\u00e9s del publico en general.<\/p>\n<p>The bicycle, whether by sport or as a means of transport, has tremendous potential to make noticeable changes in our society. Issues such as the conservation of the environment, its exploration, and alternative methods of generating energy, we see as an objective in our program of <a href=\"http:\/\/www.comin-genio.com\/project\/investigacion-desarrollo\/\">Research &amp; Development<\/a>.<\/p>\n<p>Therefore, <strong>Com in-Genio<\/strong> wants to make its contribution in the technological development of the bicycle.<\/p>\n<p>El &#8220;Proyecto de La Bicicleta&#8221; estar\u00e1 presente en el blog bajo la categor\u00eda de <a href=\"http:\/\/www.comin-genio.com\/category\/investigacion-y-desarrollo\/\">Research &amp; Development.<\/a> In addition, the different modalities of the bicycle will have a section within the blog in the Healthy Life category.<\/p>\n<p>&nbsp;<\/p>\n<\/div>\n<\/div>\n<div class=\"fw-row\">\n<div class=\"fw-col-xs-12 grid-column\">\n<div class=\"responsive-video-wrapper\">\n\t<\/div>\n<\/div>\n<\/div>\n<div class=\"fw-row\">\n<div class=\"fw-col-xs-12 grid-column\">\n<h2><strong>The <span style=\"color: #ff0000\">First name<\/span>.<\/strong><\/h2>\n<p><em><strong>Com in-Genio<\/strong><\/em> It is a name composed of words that represent important ideals for those of us who are part of this life project.<\/p>\n<p><em><strong>Com<\/strong><\/em> = Comunidad; compartir; comunicaciones; comercio; dominio &#8220;.com&#8221;.<\/p>\n<p><em><strong>in-<\/strong><\/em> = Innovation, internal; information; intellect, inside; fashionable or current; link.<\/p>\n<p><strong><em>Genio<\/em><\/strong> = Intelligence; creativity; capacity; ability; talent; imagination; inspiration; vision and know.<\/p>\n<p class=\"wb-stl-normal\">By joining these words we find a whole concept that adapts to our thinking and personality:<\/p>\n<blockquote>\n<p class=\"wb-stl-normal\"><em>\"Community of ingenuity that shares information, creating links of personal and commercial growth driving creativity, imagination, vision and knowledge of people. <\/em><\/p>\n<p class=\"wb-stl-normal\"><em>These are innate abilities in human beings, which inspires us to be better and share our wealth, the knowledge that unites us with All with Everything \".<\/em><\/p>\n<\/blockquote>\n<p class=\"wb-stl-normal\" style=\"text-align: center\"><em><strong>R&amp;D<\/strong> = In the industrial branch applies as Research + Development. In the design branch is Innovation + Design.<\/em><\/p>\n<h2>The <span style=\"color: #ff0000\">Mission and Vision of<\/span> Com in-Genio<\/h2>\n<blockquote>\n<p>Visi\u00f3n: &#8220;Hacer de Com in-Genio un agente motivador de desarrollo en el pa\u00eds, dando soluciones integrales, generando una forma de pensar nueva y revitalizada. Logrando aumentar la competitividad de nuestra industria a nivel mundial&#8221;.<\/p>\n<\/blockquote>\n<blockquote>\n<p>Misi\u00f3n: &#8220;Generar un valor agregado en sus clientes y equipo de trabajo, conocimiento, esperanza, autoestima. Desarrollar al m\u00e1ximo los potenciales individuales y colectivos. Hacer de Com In-Genio un ejemplo tecnol\u00f3gico fomentando el cuidado y protecci\u00f3n del medio ambiente. El desarrollo equilibrado en perfecta armon\u00eda con la naturaleza&#8221;.<\/p>\n<\/blockquote>\n<h3>Something <span style=\"color: #ff0000\">of<\/span> History<\/h3>\n<p class=\"wb-stl-normal\"><strong>Com in-Genio<\/strong> it was conceived as an idea in the year <strong>2004<\/strong>, create a Technology Company whose purpose is to develop knowledge, talents, skills, generate development and wealth for the region.<\/p>\n<p class=\"wb-stl-normal\">Glimpsing the trends in technology and the needs that were beginning to take shape in the country, the research and learning process began to be carried out, which would contribute to the transfer of knowledge and development of <strong>Com In-Genio<\/strong>.<\/p>\n<p class=\"wb-stl-normal\">The business idea was presented to the Emprender del Sena Fund, Cali (<strong>2004 \u2013 2005<\/strong>); but for that date, the requirements to apply to the fund were not met. This made rethink the idea and improve the project.<\/p>\n<p class=\"wb-stl-normal\">Then he showed up at Parquesoft (<strong>2005-2006<\/strong>), but not being a project defined exclusively as software, it was not approved. Other sources of private financing were sought without obtaining results.<\/p>\n<p class=\"wb-stl-normal\">All these obstacles showed an exit, Com in-Genio, would come to light by their own means. The process would be longer, but we would not depend on anyone.<\/p>\n<p class=\"wb-stl-normal\">El pensamiento fue claro: &#8220;Si realmente es importante y vale la pena Com in-Genio se dar\u00e1&#8221;.<\/p>\n<p class=\"wb-stl-normal\">Meanwhile, it was necessary to acquire more knowledge and generate economic resources to carry out the project and to cover the expenses of daily living.<\/p>\n<p class=\"wb-stl-normal\">In this process there were some difficulties such as: time, knowledge, financing. But I also received support from my family, friends and fundamentally from God, two who are one, MelquisedecLisbet who gave me <em>\"A clear vision and a strong conviction of my Project\"<\/em>, these reasons allowed me to persevere in the business idea.<\/p>\n<p class=\"wb-stl-normal\">The business idea required a study of the market, to study the economic trends, policies and technological advances of the moment, after that everything showed that there was an environment conducive to Com In-Genio.<\/p>\n<p class=\"wb-stl-normal\">With the globalization of the economy and trade agreements, they make the micro company and the SME be forced to improve the quantity, quality and prices of their products. It also makes them look at other markets and improve the technology they use to achieve this goal. That's where Com in-Genio comes in to offer you a complete portfolio of services.<\/p>\n<p><div id=\"attachment_1525\" style=\"width: 621px\" class=\"wp-caption aligncenter\"><a href=\"https:\/\/www.comin-genio.com\/wp-content\/uploads\/2019\/09\/Historia_Com-in_Genio_CAG.png\"><img decoding=\"async\" aria-describedby=\"caption-attachment-1525\" class=\"wp-image-1525 size-full\" src=\"https:\/\/www.comin-genio.com\/wp-content\/uploads\/2019\/09\/Historia_Com-in_Genio_CAG.png\" alt=\"Infograf\u00eda de Com in-Genio Agencia Digital e Industrial \" width=\"611\" height=\"2048\" srcset=\"https:\/\/www.comin-genio.com\/wp-content\/uploads\/2019\/09\/Historia_Com-in_Genio_CAG.png 611w, https:\/\/www.comin-genio.com\/wp-content\/uploads\/2019\/09\/Historia_Com-in_Genio_CAG-768x2573.png 768w\" sizes=\"(max-width: 611px) 100vw, 611px\" \/><\/a><\/p>\n<p id=\"caption-attachment-1525\" class=\"wp-caption-text\">Resumen de la historia de Com in-Genio de forma gr\u00e1fica<\/p>\n<\/div>\n<h3>The <span style=\"color: #ff0000\">Idea Based on<\/span> Knowledge<\/h3>\n<p class=\"wb-stl-normal\">Our reason for being is to shorten the process that we live; providing services that empower our customers. Com in-Genio aims to respond to needs in a comprehensive way on two fronts at once:<\/p>\n<ul>\n<li class=\"wb-stl-normal\">Providing industrial services and advice in technology and quality control to the micro and small business Vallecaucana. Bring entrepreneurs to increase the productivity of their companies, according to demand. Motivate the microenterprise to implement technologies that create metrological programs that project them to a standardized global vision. That they have applicable and successful Quality Management Systems in their companies.<\/li>\n<\/ul>\n<ul>\n<li class=\"wb-stl-normal\">Provide a way to not only create a market, but also generate a presence on the web. Have a personal brand, having brand recognition. We provide the tools to generate income through electronic commerce and administration of social networks. Use the Internet in an intelligent and productive way for the development of your business.<\/li>\n<\/ul>\n<h3><\/h3>\n<h3>Experiences <span style=\"color: #ff0000\">Acquired<\/span><\/h3>\n<p>The experiences obtained in the companies where I was involved, allowed me to have a panorama and approach with the clients, that is why in Com in-Genio we have the authority to help our clients.<\/p>\n<ul>\n<li class=\"wb-stl-normal\">We know the needs of the market, and the technological requirements according to the demands of your daily environment.<\/li>\n<li class=\"wb-stl-normal\">Web design, content creation, digital marketing using social networks and electronic commerce.<\/li>\n<li>Adecuaci\u00f3n de Tecnolog\u00edas &#8220;a la medida&#8221; seg\u00fan las necesidades de los clientes, su entorno y mercado objetivo.<\/li>\n<li class=\"wb-stl-normal\">We provide information on the target market, strategy planning and its implementation.<\/li>\n<\/ul>\n<h3>The <span style=\"color: #ff0000\">Plan<\/span><\/h3>\n<p class=\"wb-stl-normal\">The 3 questions that I would have to answer in order to move the project forward:<\/p>\n<p class=\"wb-stl-normal\">How to get known?<\/p>\n<p class=\"wb-stl-normal\">How to establish yourself in the market?<\/p>\n<p class=\"wb-stl-normal\">How to reach Clients?<\/p>\n<p class=\"wb-stl-normal\">It would take time, knowledge and financial resources. It is a path that should be traveled with patience, effort, discipline, work and preparation. They are not magic formulas, it requires sacrifice, to save to go little by little buying the tools, make the necessary investments, not thinking about the now, thinking about the future.<\/p>\n<p class=\"wb-stl-normal\">Once the level of preparation that was wanted in technique, infrastructure and economic resources was reached, only a push was required to make the final decision. In conclusion leave the comfort of a permanent job, with your income.<\/p>\n<p class=\"wb-stl-normal\">There, it is where God enters in the most firm and resolute way, two who are one, would give me the strength and confidence to take Com in-Genio forward. It began to buy tools, equipment that would be needed to meet this challenge.<\/p>\n<p class=\"wb-stl-normal\">Then the logistic investment for Web development was made, buying the Hosting service and Domains needed to execute the plan in this area.<\/p>\n<p class=\"wb-stl-normal\">The clients began to arrive little by little, by P2P recommendation (person to person); Then they started looking for me, within my location. Now after 3 years of work on the web, customers locate us more easily.<\/p>\n<h3><\/h3>\n<h2>Our <span style=\"color: #ff0000\">Clients<\/span><\/h2>\n<\/div>\n<\/div>\n<div class=\"fw-row\">\n<div class=\"fw-col-xs-12 grid-column\">\n<div class=\"testimonials-carousel owl-carousel\">\n<p>\t<!--\n\t\tTestimonial item\n\t--><\/p>\n<div class=\"item with-thumbs\">\n<div class=\"text\" style=\"color: #000000\">\n<div class=\"fw-page-builder-content\">In my place I had a deficiency in light, and I wanted to adapt other types of lamps, I also needed an art gallery type light design.<\/p>\n<p>The fulfillment was essential, the personalized advice, the materials used of quality, the accompaniment and the professionalism of Mr. Carlos Gonz\u00e1lez.<\/p>\n<\/div><\/div>\n<div class=\"author\" style=\"color: #000000\">\n\t\t\t\t\t\t\t<img decoding=\"async\" class=\"wproto-wp-image\" alt=\"\" src=\"http:\/\/www.comin-genio.com\/wp-content\/uploads\/2018\/11\/AvatarTestimonioAposfique-70x70.jpg\" width=\"70\" height=\"70\" data-at2x=\"http:\/\/www.comin-genio.com\/wp-content\/uploads\/2018\/11\/AvatarTestimonioAposfique-140x140.jpg\" \/>\t\t\t\t\t\t<\/p>\n<div class=\"author-name\">\n\t\t\t\tHarold Rueda, AposFique.\t\t\t<\/div>\n<\/p><\/div>\n<\/p><\/div>\n<div class=\"item with-thumbs\">\n<div class=\"text\" style=\"color: #000000\">\n<div class=\"fw-page-builder-content\">Our System of Security Cameras were Distressed. They were Very Punctual, Fast and Effective.<br \/>\n\t\t\t\t\t\t\t\t\t\t\t\tExcellent your service, your kindness and very good work, Guaranteed!<\/div>\n<\/p><\/div>\n<div class=\"author\" style=\"color: #000000\">\n\t\t\t\t\t\t\t<img decoding=\"async\" class=\"wproto-wp-image\" alt=\"\" src=\"http:\/\/www.comin-genio.com\/wp-content\/uploads\/2018\/11\/AvatarTestimonioHotelRestauranteWT-70x70.jpg\" width=\"70\" height=\"70\" data-at2x=\"http:\/\/www.comin-genio.com\/wp-content\/uploads\/2018\/11\/AvatarTestimonioHotelRestauranteWT-140x140.jpg\" \/>\t\t\t\t\t\t<\/p>\n<div class=\"author-name\">\n\t\t\t\tJohan Botina, Hotel &#8211; Restaurante Western Texas.\t\t\t<\/div>\n<\/p><\/div>\n<\/p><\/div>\n<div class=\"item with-thumbs\">\n<div class=\"text\" style=\"color: #000000\">\n<div class=\"fw-page-builder-content\">Diagnosis and repair of 3D Thermofixer.<\/p>\n<p>One of the aspects that we liked the most was their attention, knowledge, management of the subject, ordering, step by step process information, planning and advice to avoid costs.<\/p>\n<\/div><\/div>\n<div class=\"author\" style=\"color: #000000\">\n\t\t\t\t\t\t\t<img decoding=\"async\" class=\"wproto-wp-image\" alt=\"\" src=\"http:\/\/www.comin-genio.com\/wp-content\/uploads\/2018\/11\/AvatarExclusivasM-70x70.jpg\" width=\"70\" height=\"70\" data-at2x=\"http:\/\/www.comin-genio.com\/wp-content\/uploads\/2018\/11\/AvatarExclusivasM-140x140.jpg\" \/>\t\t\t\t\t\t<\/p>\n<div class=\"author-name\">\n\t\t\t\tDiego, Exclusivas Mu\u00f1oz.\t\t\t<\/div>\n<\/p><\/div>\n<\/p><\/div>\n<div class=\"item with-thumbs\">\n<div class=\"text\" style=\"color: #000000\">\n<div class=\"fw-page-builder-content\">Adjusting the pressure of the ironing bed and checking the temperature.<\/p>\n<p>The Aspects of Service that we liked the most were his punctuality and professionalism.<\/p>\n<\/div><\/div>\n<div class=\"author\" style=\"color: #000000\">\n\t\t\t\t\t\t\t<img decoding=\"async\" class=\"wproto-wp-image\" alt=\"\" src=\"http:\/\/www.comin-genio.com\/wp-content\/uploads\/2018\/11\/AvatarTestimonio_aKolor-70x70.jpg\" width=\"70\" height=\"70\" data-at2x=\"http:\/\/www.comin-genio.com\/wp-content\/uploads\/2018\/11\/AvatarTestimonio_aKolor-140x140.jpg\" \/>\t\t\t\t\t\t<\/p>\n<div class=\"author-name\">\n\t\t\t\tFernando Rebolledo, aKolor.\t\t\t<\/div>\n<\/p><\/div>\n<\/p><\/div>\n<div class=\"item with-thumbs\">\n<div class=\"text\" style=\"color: #000000\">\n<div class=\"fw-page-builder-content\">Very satisfied with the magnificent work carried out by Mr. Carlos Andr\u00e9s Gonz\u00e1lez. I have always requested their services for repair or maintenance of my computer equipment.<\/p>\n<p>For which I refer that it provides an excellent service. He is a competent, honest person, with very competent experience. He has always advised me, and I have been very satisfied. I recommend it 100%.<\/p>\n<\/div><\/div>\n<div class=\"author\" style=\"color: #000000\">\n\t\t\t\t\t\t\t<img decoding=\"async\" class=\"wproto-wp-image\" alt=\"\" src=\"http:\/\/www.comin-genio.com\/wp-content\/uploads\/2018\/11\/AvatarTestimonioCarlosClavijo-70x70.jpg\" width=\"70\" height=\"70\" data-at2x=\"http:\/\/www.comin-genio.com\/wp-content\/uploads\/2018\/11\/AvatarTestimonioCarlosClavijo-140x140.jpg\" \/>\t\t\t\t\t\t<\/p>\n<div class=\"author-name\">\n\t\t\t\tCarlos Clavijo.\t\t\t<\/div>\n<\/p><\/div>\n<\/p><\/div>\n<div class=\"item with-thumbs\">\n<div class=\"text\" style=\"color: #000000\">\n<div class=\"fw-page-builder-content\">Your work generates confidence in me so that I can dedicate myself to producing income. They understood the concept of my business idea, I could see my ideas come true.<\/p>\n<p>Thanks to the work of Com in-Genio, our company reflects a very good image of a portfolio of services through the web. And most importantly, we have counted on permanent logistical support and support with responsibility, seriousness, punctuality and honesty. Gesa Icaccolombia recommends the work of Carlos Andr\u00e9s Gonz\u00e1les through his company Com in-Genio.<\/p>\n<\/div><\/div>\n<div class=\"author\" style=\"color: #000000\">\n\t\t\t\t\t\t\t<img decoding=\"async\" class=\"wproto-wp-image\" alt=\"\" src=\"http:\/\/www.comin-genio.com\/wp-content\/uploads\/2015\/09\/logo-Gesa-70x70.jpg\" width=\"70\" height=\"70\" data-at2x=\"http:\/\/www.comin-genio.com\/wp-content\/uploads\/2015\/09\/logo-Gesa-140x140.jpg\" \/>\t\t\t\t\t\t<\/p>\n<div class=\"author-name\">\n\t\t\t\tGentil Delgado, Gesa Icaccolombia.\t\t\t<\/div>\n<\/p><\/div>\n<\/p><\/div>\n<div class=\"item with-thumbs\">\n<div class=\"text\" style=\"color: #000000\">\n<div class=\"fw-page-builder-content\">I thank Mr. Carlos Gonz\u00e1lez for the excellent work he did for me, both at home and in my workplace.<\/p>\n<p>Everything I did explained to me how it was going to be and how I should handle it properly, so that it could have a good use and good duration. Your work was and is excellent Receive without limits for the service provided.<\/p>\n<\/div><\/div>\n<div class=\"author\" style=\"color: #000000\">\n\t\t\t\t\t\t\t<img decoding=\"async\" class=\"wproto-wp-image\" alt=\"\" src=\"http:\/\/www.comin-genio.com\/wp-content\/uploads\/2018\/11\/AvatarPB_AlexChris-70x70.jpg\" width=\"70\" height=\"70\" data-at2x=\"http:\/\/www.comin-genio.com\/wp-content\/uploads\/2018\/11\/AvatarPB_AlexChris-140x140.jpg\" \/>\t\t\t\t\t\t<\/p>\n<div class=\"author-name\">\n\t\t\t\tAlex Riascos, Peluquer\u00eda &amp; Barber\u00eda AlexChris.\t\t\t<\/div>\n<\/p><\/div>\n<\/p><\/div>\n<\/div>\n<\/div>\n<\/div>\n<div class=\"fw-row\">\n<div class=\"fw-col-xs-12 grid-column\">\n<h3 style=\"text-align: center\">Process <span style=\"color: #ff0000\">of<\/span> <span style=\"color: #ff0000\">Work in<\/span>&nbsp; Com in-Genio<\/h3>\n<p><a class=\"wb_anchor\" name=\"Procedimiento%20de%20Trabajo\"><\/a><\/p>\n<div><a class=\"img\" href=\"http:\/\/www.comin-genio.com\/#project-section\"><img decoding=\"async\" class=\"aligncenter\" src=\"http:\/\/www.comin-genio.com\/gallery\/ProcGraf_web.jpg\" alt=\"Procedimiento Gr\u00e1fico del Trabajo que realiza Com in-Genio Agencia Industrial en la prestaci\u00f3n de servicios industriales .\" width=\"493\" height=\"480\" \/><\/a><\/div>\n<p>&nbsp;<\/p>\n<h3>Knowledge<\/h3>\n<p class=\"wb-stl-normal\">To have your own business, starting from scratch, having few economic resources requires knowledge in many areas. Now imagine what it takes to create a technology company, in Latin America, specifically in Colombia.<\/p>\n<p class=\"wb-stl-normal\">There are many challenges, many giants to overcome, but would you give up? ... And not know how your story ends? Because you are the one who writes it, nobody else will do it for you.<\/p>\n<p class=\"wb-stl-normal\">In this tour I will tell you, and teaching how the objectives of the plan were met. With a tight budget, creativity and ingenuity I could achieve the proposed objectives.<\/p>\n<p class=\"wb-stl-normal\">This is not for the purpose of showing you what we are capable of doing. It is for you to believe in yourself that you see the strong and courageous person that God made of you.<\/p>\n<p class=\"wb-stl-normal\">This story is not fantasy is a reality. It is my life and I invite you to be encouraged, take your breath, get up and keep walking ... At the front is the realization of your life, I am just an example of what can be achieved, and if I could do it, you can too.<\/p>\n<p class=\"wb-stl-normal\">If my example, well ... if I can help you, my hand is stretched to do it.<\/p>\n<p class=\"wb-stl-normal\">I hope to continue seeing you in some corner of the<strong>&nbsp;<a title=\"La Bit\u00e1cora... Com in-Genio\" href=\"http:\/\/www.comin-genio.com\/Labitacora\/es\/\" target=\"_blank\" rel=\"noopener\">Bit\u00e1cora\u2026 Com in-Genio<\/a>,&nbsp;<\/strong>In the articles I will tell how you went from an idea to a fact.<\/p>\n<p>&nbsp;<\/p>\n<p>&nbsp;<\/p>\n<p>&nbsp;<\/p>\n<\/div>\n<\/div><\/div>\n<\/div>\n<p><!-- 8c6e8cc6b3c3d7b494f895848d4b18fa --><\/p>","protected":false},"excerpt":{"rendered":"<p>La Idea. Hola, soy Carlos Andr\u00e9s Gonz\u00e1lez nac\u00ed en Cali Colombia, les voy a contar sobre mi idea, y porque Com in-Genio puede servirles en el desarrollo de su negocio, o proyecto tecnol\u00f3gico. La idea de crear Com in-Genio naci\u00f3 en el a\u00f1o 2004. Ya han pasado varios a\u00f1os desde que empez\u00f3 a rondar en [&hellip;]<\/p>\n","protected":false},"author":1,"featured_media":0,"parent":0,"menu_order":0,"comment_status":"closed","ping_status":"closed","template":"","meta":{"footnotes":""},"class_list":["post-434","page","type-page","status-publish","hentry"],"_links":{"self":[{"href":"https:\/\/www.comin-genio.com\/en\/wp-json\/wp\/v2\/pages\/434","targetHints":{"allow":["GET"]}}],"collection":[{"href":"https:\/\/www.comin-genio.com\/en\/wp-json\/wp\/v2\/pages"}],"about":[{"href":"https:\/\/www.comin-genio.com\/en\/wp-json\/wp\/v2\/types\/page"}],"author":[{"embeddable":true,"href":"https:\/\/www.comin-genio.com\/en\/wp-json\/wp\/v2\/users\/1"}],"replies":[{"embeddable":true,"href":"https:\/\/www.comin-genio.com\/en\/wp-json\/wp\/v2\/comments?post=434"}],"version-history":[{"count":72,"href":"https:\/\/www.comin-genio.com\/en\/wp-json\/wp\/v2\/pages\/434\/revisions"}],"predecessor-version":[{"id":1527,"href":"https:\/\/www.comin-genio.com\/en\/wp-json\/wp\/v2\/pages\/434\/revisions\/1527"}],"wp:attachment":[{"href":"https:\/\/www.comin-genio.com\/en\/wp-json\/wp\/v2\/media?parent=434"}],"curies":[{"name":"wp","href":"https:\/\/api.w.org\/{rel}","templated":true}]}}